{"id":1932,"date":"2024-04-19T09:27:32","date_gmt":"2024-04-19T07:27:32","guid":{"rendered":"https:\/\/www.svimark.it\/amalfitanagas\/?page_id=1932"},"modified":"2024-08-02T11:48:45","modified_gmt":"2024-08-02T09:48:45","slug":"cookie-policy","status":"publish","type":"page","link":"https:\/\/www.amalfitanagas.it\/site\/cookie-policy\/","title":{"rendered":"Cookie &amp; Policy"},"content":{"rendered":"\t\t<div data-elementor-type=\"wp-page\" data-elementor-id=\"1932\" class=\"elementor elementor-1932\" data-elementor-post-type=\"page\">\n\t\t\t\t<div class=\"elementor-element elementor-element-4be30a5 e-flex e-con-boxed e-con e-parent\" data-id=\"4be30a5\" data-element_type=\"container\" data-e-type=\"container\" data-settings=\"{&quot;background_background&quot;:&quot;classic&quot;,&quot;shape_divider_bottom&quot;:&quot;tilt&quot;}\">\n\t\t\t\t\t<div class=\"e-con-inner\">\n\t\t\t\t<div class=\"elementor-shape elementor-shape-bottom\" aria-hidden=\"true\" data-negative=\"false\">\n\t\t\t<svg xmlns=\"http:\/\/www.w3.org\/2000\/svg\" viewBox=\"0 0 1000 100\" preserveAspectRatio=\"none\">\n\t<path class=\"elementor-shape-fill\" d=\"M0,6V0h1000v100L0,6z\"\/>\n<\/svg>\t\t<\/div>\n\t\t<div class=\"elementor-element elementor-element-9116a94 e-con-full e-flex e-con e-child\" data-id=\"9116a94\" data-element_type=\"container\" data-e-type=\"container\">\n\t\t\t\t<div class=\"elementor-element elementor-element-7365075 elementor-widget elementor-widget-heading\" data-id=\"7365075\" data-element_type=\"widget\" data-e-type=\"widget\" data-widget_type=\"heading.default\">\n\t\t\t\t<div class=\"elementor-widget-container\">\n\t\t\t\t\t<h1 class=\"elementor-heading-title elementor-size-default\">Cookie &amp; Policy<\/h1>\t\t\t\t<\/div>\n\t\t\t\t<\/div>\n\t\t\t\t<\/div>\n\t\t\t\t\t<\/div>\n\t\t\t\t<\/div>\n\t\t<div class=\"elementor-element elementor-element-b75a76f e-flex e-con-boxed e-con e-parent\" data-id=\"b75a76f\" data-element_type=\"container\" data-e-type=\"container\">\n\t\t\t\t\t<div class=\"e-con-inner\">\n\t\t<div class=\"elementor-element elementor-element-452eae6 e-con-full e-flex e-con e-child\" data-id=\"452eae6\" data-element_type=\"container\" data-e-type=\"container\">\n\t\t<div class=\"elementor-element elementor-element-95542ee e-flex e-con-boxed e-con e-child\" data-id=\"95542ee\" data-element_type=\"container\" data-e-type=\"container\">\n\t\t\t\t\t<div class=\"e-con-inner\">\n\t\t<div class=\"elementor-element elementor-element-017f393 e-con-full e-flex e-con e-child\" data-id=\"017f393\" data-element_type=\"container\" data-e-type=\"container\">\n\t\t\t\t<div class=\"elementor-element elementor-element-e91bf30 elementor-widget elementor-widget-text-editor\" data-id=\"e91bf30\" data-element_type=\"widget\" data-e-type=\"widget\" data-widget_type=\"text-editor.default\">\n\t\t\t\t<div class=\"elementor-widget-container\">\n\t\t\t\t\t\t\t\t\t<p><strong>La presente Cookie Policy \u00e8 relativa al sito <u><a href=\"https:\/\/www.amalfitanagas.it\/\">www.amalfitanagas.it<\/a><\/u> (\u201cSito\u201d) P.IVA 04884170657.<\/strong><\/p><p>I cookies sono piccoli file di testo inviati all&#8217;utente dal sito web visitato. Vengono memorizzati sull\u2019hard disk del computer, consentendo in questo modo al sito web di riconoscere gli utenti e memorizzare determinate informazioni su di loro, al fine di permettere o migliorare il servizio offerto.<\/p><p>Esistono diverse tipologie di cookies. Alcuni sono necessari per poter navigare sul Sito, altri hanno scopi diversi come garantire la sicurezza interna, amministrare il sistema, effettuare analisi statistiche, comprendere quali sono le sezioni del Sito che interessano maggiormente gli utenti o offrire una visita personalizzata del Sito. La disabilitazione dei cookies potrebbe limitare la possibilit\u00e0 di usare il Sito e impedire di beneficiare in pieno delle funzionalit\u00e0 e dei servizi presenti sul Sito. Per decidere quali accettare e quali rifiutare, \u00e8 illustrata di seguito una descrizione dei cookies utilizzati sul Sito:<\/p><p><strong><span class=\"Apple-style-span\">a. Cookie tecnici.<\/span><\/strong><\/p><p>I cookie tecnici sono quelli utilizzati al solo fine di &#8220;effettuare la trasmissione di una comunicazione su una rete di comunicazione elettronica, o nella misura strettamente necessaria al fornitore di un servizio della societ\u00e0 dell&#8217;informazione esplicitamente richiesto dall&#8217;abbonato o dall&#8217;utente a erogare tale servizio&#8221; (cfr. art. 122, comma 1, del Codice).<\/p><p>Essi non vengono utilizzati per scopi ulteriori e sono normalmente installati direttamente dal titolare o gestore del sito web. Possono essere suddivisi in <span class=\"Apple-style-span\">cookie di navigazione<\/span> o <span class=\"Apple-style-span\">di sessione<\/span>, che garantiscono la normale navigazione e fruizione del sito web (permettendo, ad esempio, di realizzare un acquisto o autenticarsi per accedere ad aree riservate); cookie analytics, assimilati ai cookie tecnici laddove utilizzati direttamente dal gestore del sito per raccogliere informazioni, in forma aggregata, sul numero degli utenti e su come questi visitano il sito stesso; <span class=\"Apple-style-span\">cookie di funzionalit\u00e0<\/span>, che permettono all&#8217;utente la navigazione in funzione di una serie di criteri selezionati (ad esempio, la lingua, i prodotti selezionati per l&#8217;acquisto) al fine di migliorare il servizio reso allo stesso.<\/p><p>Per l&#8217;installazione di tali cookie non \u00e8 richiesto il preventivo consenso degli utenti, mentre resta fermo l&#8217;obbligo di dare l&#8217;informativa ai sensi dell&#8217;art. 13 del Codice, che il gestore del sito, qualora utilizzi soltanto tali dispositivi, potr\u00e0 fornire con le modalit\u00e0 che ritiene pi\u00f9 idonee.<\/p><p><strong><span class=\"Apple-style-span\">b. Cookie di profilazione<\/span><\/strong><\/p><p>I cookie di profilazione sono volti a creare profili relativi all&#8217;utente e vengono utilizzati al fine di inviare messaggi pubblicitari in linea con le preferenze manifestate dallo stesso nell&#8217;ambito della navigazione in rete. In ragione della particolare invasivit\u00e0 che tali dispositivi possono avere nell&#8217;ambito della sfera privata degli utenti, la normativa europea e italiana prevede che l&#8217;utente debba essere adeguatamente informato sull&#8217;uso degli stessi ed esprimere cos\u00ec il proprio valido consenso.<\/p><p>Ad essi si riferisce l&#8217;art. 122 del Codice laddove prevede che &#8220;l&#8217;archiviazione delle informazioni nell&#8217;apparecchio terminale di un contraente o di un utente o l&#8217;accesso a informazioni gi\u00e0 archiviate sono consentiti unicamente a condizione che il contraente o l&#8217;utente abbia espresso il proprio consenso dopo essere stato informato con le modalit\u00e0 semplificate di cui all&#8217;articolo 13, comma 3&#8221; (art. 122, comma 1, del Codice).<\/p><p><span class=\"Apple-style-span\">Il Sito www.amalfitanagas.it utilizza cookies tecnici e non di profilazione. <\/span>Quanto precede si riferisce sia al computer dell\u2019utente sia ad ogni altro dispositivo che l&#8217;utente pu\u00f2 utilizzare per connettersi al Sito.<\/p><table border=\"1\" cellpadding=\"0\"><tbody><tr><td width=\"27%\"><span class=\"Apple-style-span\">Tipologia di Cookie<\/span><\/td><td width=\"71%\"><span class=\"Apple-style-span\">Prima parte Funzionale<\/span><\/td><\/tr><tr><td width=\"27%\">Provenienza<\/td><td width=\"71%\"><a href=\"https:\/\/www.amalfitanagas.it\/\">www.amalfitanagas.it<\/a><\/td><\/tr><tr><td width=\"27%\">Finalit\u00e0<\/td><td width=\"71%\">Cookie di sessione<span class=\"Apple-style-span\">*<\/span>, necessario alla navigazione corretta del sito web.<\/td><\/tr><tr><td width=\"27%\">Durata<\/td><td width=\"71%\">Cookie di sessione<span class=\"Apple-style-span\">*<\/span>, termina alla chiusura del browser.<\/td><\/tr><\/tbody><\/table><p><strong><span class=\"Apple-style-span\">Cookies di prima parte:<\/span><\/strong><\/p><p>I cookies di prima parte (ovvero i cookies che appartengono al sito dell\u2019editore che li ha creati) sono impostati dal sito web visitato dall&#8217;utente, il cui indirizzo compare nella finestra URL. L&#8217;utilizzo di tali cookies ci permette di far funzionare il sito in modo efficiente e di tracciare i modelli di comportamento dei visitatori.<\/p><p><strong><span class=\"Apple-style-span\">Cookies di sessione*:<\/span><\/strong><\/p><p>I c.d. \u2018cookies di sessione\u2019 sono memorizzati temporaneamente e vengono cancellati quando l\u2019utente chiude il browser. Se l\u2019utente si registra al Sito, pu\u00f2 utilizzare cookies che raccolgono dati personali al fine di identificare l\u2019utente in occasione di visite successive e di facilitare l&#8217;accesso &#8211; login al Sito (per esempio conservando username e password dell\u2019utente) e la navigazione sullo stesso. Inoltre Open Source Solutions utilizza i cookies per finalit\u00e0 di amministrazione del sistema. Il Sito potrebbe contenere link ad altri siti. Open Source Solutions non ha alcun accesso o controllo su cookies, web bacon e altre tecnologie di tracciamento usate sui siti di terzi cui l\u2019utente pu\u00f2 accedere dal Sito, sulla disponibilit\u00e0, su qualsiasi contenuto e materiale che \u00e8 pubblicato o ottenuto attraverso tali siti e sulle relative modalit\u00e0 di trattamento dei dati personali; Open Source Solutions a questo proposito, considerata la mole di tali siti terzi, declina espressamente ogni relativa responsabilit\u00e0. L\u2019utente dovrebbe verificare la privacy policy dei siti di terzi cui accede dal Sito per conoscere le condizioni applicabili al trattamento dei dati personali poich\u00e9 la Privacy Policy di Open Source Solutions si applica solo al Sito come sopra definito.<\/p><p align=\"center\"><span class=\"Apple-style-span\">Come modificare le impostazioni sui cookies<\/span><\/p><p>La maggior parte dei browser accetta automaticamente i cookies, ma l\u2019utente normalmente pu\u00f2 modificare le impostazioni per disabilitare tale funzione. E&#8217; possibile bloccare tutte le tipologie di cookies, oppure accettare di riceverne soltanto alcuni e disabilitarne altri. Le sezioni &#8220;Opzioni&#8221; e\/o &#8220;Preferenze&#8221; nel menu del browser permettono di evitare di ricevere cookies e altre tecnologie di tracciamento utente, e come ottenere notifica dal browser dell\u2019attivazione di queste tecnologie. In alternativa, \u00e8 anche possibile consultare la sezione \u201cAiuto\u201d della barra degli strumenti presente nella maggior parte dei browser.<\/p><p>E&#8217; anche possibile selezionare il browser che utilizzato dalla lista di seguito e seguire le istruzioni: &#8211; <a href=\"http:\/\/windows.microsoft.com\/it-it\/windows7\/how-to-manage-cookies-in-internet-explorer-9\">Internet Explorer<\/a>; &#8211; <a href=\"https:\/\/support.google.com\/chrome\/answer\/95647\">Chrome<\/a>; &#8211; <a href=\"https:\/\/support.apple.com\/it-it\/HT201265\">Safari<\/a>; &#8211; <a href=\"https:\/\/support.mozilla.org\/it\/kb\/Attivare%20e%20disattivare%20i%20cookie\">Firefox<\/a>; &#8211; <a href=\"http:\/\/www.opera.com\/help\/tutorials\/security\/\">Opera<\/a>. Da dispositivo mobile: &#8211; <a href=\"https:\/\/support.google.com\/chrome\/answer\/95647?hl=it\">Android<\/a>; &#8211; <a href=\"https:\/\/support.apple.com\/it-it\/HT201265\">Safari<\/a>; &#8211;<a href=\"http:\/\/www.windowsphone.com\/it-it\/how-to\/wp7\/web\/changing-privacy-and-other-browser-settings\">Windows Phone<\/a>; &#8211; <a href=\"http:\/\/docs.blackberry.com\/en\/smartphone_users\/deliverables\/32004\/Turn_off_cookies_in_the_browser_60_1072866_11.jsp\">Blackberry<\/a>.<\/p><p>Per maggiori informazioni sui cookie e per gestire le preferenze sui cookie (di prima e\/o terza parte) si invitano gli utenti a visitare anche la piattaforma <a href=\"http:\/\/www.youronlinechoices.com\/\">www.youronlinechoices.com<\/a>. Si ricorda per\u00f2 che la disabilitazione dei cookie di navigazione o quelli funzionali pu\u00f2 causare il malfunzionamento del Sito e\/o limitare il servizio offerto.<\/p>\t\t\t\t\t\t\t\t<\/div>\n\t\t\t\t<\/div>\n\t\t\t\t<\/div>\n\t\t\t\t\t<\/div>\n\t\t\t\t<\/div>\n\t\t\t\t<\/div>\n\t\t\t\t\t<\/div>\n\t\t\t\t<\/div>\n\t\t\t\t<\/div>\n\t\t","protected":false},"excerpt":{"rendered":"<p>Cookie &#038; Policy La presente Cookie Policy \u00e8 relativa al sito www.amalfitanagas.it (\u201cSito\u201d) P.IVA 04884170657. I cookies sono piccoli file di testo inviati all&#8217;utente dal sito web visitato. Vengono memorizzati sull\u2019hard disk del computer, consentendo in questo modo al sito web di riconoscere gli utenti e memorizzare determinate informazioni su di loro, al fine di [&hellip;]<\/p>\n","protected":false},"author":1,"featured_media":0,"parent":0,"menu_order":0,"comment_status":"closed","ping_status":"closed","template":"","meta":{"site-sidebar-layout":"no-sidebar","site-content-layout":"page-builder","ast-site-content-layout":"full-width-container","site-content-style":"unboxed","site-sidebar-style":"unboxed","ast-global-header-display":"","ast-banner-title-visibility":"","ast-main-header-display":"","ast-hfb-above-header-display":"","ast-hfb-below-header-display":"","ast-hfb-mobile-header-display":"","site-post-title":"disabled","ast-breadcrumbs-content":"","ast-featured-img":"disabled","footer-sml-layout":"","theme-transparent-header-meta":"enabled","adv-header-id-meta":"","stick-header-meta":"","header-above-stick-meta":"","header-main-stick-meta":"","header-below-stick-meta":"","astra-migrate-meta-layouts":"set","ast-page-background-enabled":"default","ast-page-background-meta":{"desktop":{"background-color":"","background-image":"","background-repeat":"repeat","background-position":"center center","background-size":"auto","background-attachment":"scroll","background-type":"","background-media":"","overlay-type":"","overlay-color":"","overlay-gradient":""},"tablet":{"background-color":"","background-image":"","background-repeat":"repeat","background-position":"center center","background-size":"auto","background-attachment":"scroll","background-type":"","background-media":"","overlay-type":"","overlay-color":"","overlay-gradient":""},"mobile":{"background-color":"","background-image":"","background-repeat":"repeat","background-position":"center center","background-size":"auto","background-attachment":"scroll","background-type":"","background-media":"","overlay-type":"","overlay-color":"","overlay-gradient":""}},"ast-content-background-meta":{"desktop":{"background-color":"var(--ast-global-color-5)","background-image":"","background-repeat":"repeat","background-position":"center center","background-size":"auto","background-attachment":"scroll","background-type":"","background-media":"","overlay-type":"","overlay-color":"","overlay-gradient":""},"tablet":{"background-color":"var(--ast-global-color-5)","background-image":"","background-repeat":"repeat","background-position":"center center","background-size":"auto","background-attachment":"scroll","background-type":"","background-media":"","overlay-type":"","overlay-color":"","overlay-gradient":""},"mobile":{"background-color":"var(--ast-global-color-5)","background-image":"","background-repeat":"repeat","background-position":"center center","background-size":"auto","background-attachment":"scroll","background-type":"","background-media":"","overlay-type":"","overlay-color":"","overlay-gradient":""}},"footnotes":""},"class_list":["post-1932","page","type-page","status-publish","hentry"],"_links":{"self":[{"href":"https:\/\/www.amalfitanagas.it\/site\/wp-json\/wp\/v2\/pages\/1932"}],"collection":[{"href":"https:\/\/www.amalfitanagas.it\/site\/wp-json\/wp\/v2\/pages"}],"about":[{"href":"https:\/\/www.amalfitanagas.it\/site\/wp-json\/wp\/v2\/types\/page"}],"author":[{"embeddable":true,"href":"https:\/\/www.amalfitanagas.it\/site\/wp-json\/wp\/v2\/users\/1"}],"replies":[{"embeddable":true,"href":"https:\/\/www.amalfitanagas.it\/site\/wp-json\/wp\/v2\/comments?post=1932"}],"version-history":[{"count":37,"href":"https:\/\/www.amalfitanagas.it\/site\/wp-json\/wp\/v2\/pages\/1932\/revisions"}],"predecessor-version":[{"id":3287,"href":"https:\/\/www.amalfitanagas.it\/site\/wp-json\/wp\/v2\/pages\/1932\/revisions\/3287"}],"wp:attachment":[{"href":"https:\/\/www.amalfitanagas.it\/site\/wp-json\/wp\/v2\/media?parent=1932"}],"curies":[{"name":"wp","href":"https:\/\/api.w.org\/{rel}","templated":true}]}}